{"id":1297,"date":"2022-02-16T14:47:44","date_gmt":"2022-02-16T13:47:44","guid":{"rendered":"https:\/\/joyclub-brand.com\/?page_id=1297"},"modified":"2022-10-05T09:49:58","modified_gmt":"2022-10-05T07:49:58","slug":"logonutzung","status":"publish","type":"page","link":"https:\/\/stg.joyclub-brand.com\/?page_id=1297","title":{"rendered":"Nutzungsbedingungen"},"content":{"rendered":"<p>S\u00e4mtliche Logos unterliegen dem Schutz des Urheber- und Markenrechts und sind ein wichtiger Teil des JOYclub-Markenbildes. Eine Verwendung der Logos au\u00dferhalb des JOYclubs hat unmittelbaren Einfluss auf die Wahrnehmung unseres Unternehmens. Die Verwendung der Assets bedarf deshalb grunds\u00e4tzlich einer Genehmigung in Textform. Dar\u00fcber hinaus ist eine Nutzung nur unter folgenden Bedingungen zul\u00e4ssig:<\/p>\n<p>1. Die Logos d\u00fcrfen nicht zu kommerziellen Zwecken eingesetzt werden. Insbesondere d\u00fcrfen die Logos nicht zur Bewerbung von Waren und Dienstleistungen verwendet werden, f\u00fcr welche die Logos Schutz beanspruchen.<\/p>\n<p>2. Durch die Verwendung der Logos darf keine Beeintr\u00e4chtigung des guten Rufs und des Ansehens unseres Unternehmens in der \u00d6ffentlichkeit zu bef\u00fcrchten sein. Insbesondere d\u00fcrfen die Logos nicht im Zusammenhang mit rassistischen, verfassungsfeindlichen, gewaltverherrlichenden, jugend- und gesundheitsgef\u00e4hrdenden Inhalten verwendet werden. Eine Verwendung des Logos im Zusammenhang mit Werbeinhalten parteipolitischer, konfessioneller oder weltanschaulicher Art sowie Inhalten, die gegen die guten Sitten oder gegen gesetzliche Vorschriften versto\u00dfen, ist verboten.<\/p>\n<p>3. Durch die Verwendung der Logos darf nicht der Eindruck entstehen, fremde Inhalte jeglicher Art seien durch unser Unternehmen autorisiert worden.<\/p>\n<p>4. Die Logos d\u00fcrfen nur in der hier zur Verf\u00fcgung gestellten Form verwendet werden.<\/p>\n<p>5. Ein Anspruch auf die Nutzung der Logos besteht auch dann nicht, wenn die vorstehenden Bedingungen eingehalten werden. Die Logoverwendung kann jederzeit ohne Angabe von Gr\u00fcnden untersagt werden.<\/p>\n<p><a href=\"https:\/\/stg.joyclub-brand.com\/downloads\/mediakit-d-a-ch\/\" class=\"button_du\">Nutzungsbedingungen zustimmen<\/a><\/p>\n","protected":false},"excerpt":{"rendered":"<p>S\u00e4mtliche Logos unterliegen dem Schutz des Urheber- und Markenrechts und sind ein wichtiger Teil des JOYclub-Markenbildes. Eine Verwendung der Logos au\u00dferhalb des JOYclubs hat unmittelbaren Einfluss auf die Wahrnehmung unseres Unternehmens. Die Verwendung der Assets bedarf deshalb grunds\u00e4tzlich einer Genehmigung in Textform. Dar\u00fcber hinaus ist eine Nutzung nur unter folgenden Bedingungen zul\u00e4ssig: 1. Die Logos [&hellip;]<\/p>\n","protected":false},"author":23,"featured_media":0,"parent":0,"menu_order":0,"comment_status":"closed","ping_status":"closed","template":"","meta":{"footnotes":""},"categories":[],"tags":[],"class_list":["post-1297","page","type-page","status-publish","hentry"],"_links":{"self":[{"href":"https:\/\/stg.joyclub-brand.com\/index.php?rest_route=\/wp\/v2\/pages\/1297","targetHints":{"allow":["GET"]}}],"collection":[{"href":"https:\/\/stg.joyclub-brand.com\/index.php?rest_route=\/wp\/v2\/pages"}],"about":[{"href":"https:\/\/stg.joyclub-brand.com\/index.php?rest_route=\/wp\/v2\/types\/page"}],"author":[{"embeddable":true,"href":"https:\/\/stg.joyclub-brand.com\/index.php?rest_route=\/wp\/v2\/users\/23"}],"replies":[{"embeddable":true,"href":"https:\/\/stg.joyclub-brand.com\/index.php?rest_route=%2Fwp%2Fv2%2Fcomments&post=1297"}],"version-history":[{"count":10,"href":"https:\/\/stg.joyclub-brand.com\/index.php?rest_route=\/wp\/v2\/pages\/1297\/revisions"}],"predecessor-version":[{"id":1331,"href":"https:\/\/stg.joyclub-brand.com\/index.php?rest_route=\/wp\/v2\/pages\/1297\/revisions\/1331"}],"wp:attachment":[{"href":"https:\/\/stg.joyclub-brand.com\/index.php?rest_route=%2Fwp%2Fv2%2Fmedia&parent=1297"}],"wp:term":[{"taxonomy":"category","embeddable":true,"href":"https:\/\/stg.joyclub-brand.com\/index.php?rest_route=%2Fwp%2Fv2%2Fcategories&post=1297"},{"taxonomy":"post_tag","embeddable":true,"href":"https:\/\/stg.joyclub-brand.com\/index.php?rest_route=%2Fwp%2Fv2%2Ftags&post=1297"}],"curies":[{"name":"wp","href":"https:\/\/api.w.org\/{rel}","templated":true}]}}